{"id":119,"date":"2017-06-02T21:48:39","date_gmt":"2017-06-02T21:48:39","guid":{"rendered":"http:\/\/import.themovation.com\/embark\/river-rafting\/?page_id=305"},"modified":"2018-11-06T12:20:18","modified_gmt":"2018-11-06T11:20:18","slug":"careers","status":"publish","type":"page","link":"https:\/\/visualy.eu\/index.php\/careers\/","title":{"rendered":"Nous rejoindre"},"content":{"rendered":"<h2>Nous pensons l&rsquo;avenir ensemble<\/h2>\n<p>Nous sommes une entreprise \u00e0 croissance rapide \u00e0 la recherche de personnes talentueuses qui peuvent \u00e9voluer au quotidien<\/p>\n<p><a href=\"#careers\">\u00a0<\/a><\/p>\n<h3>Pourquoi nous ?<\/h3>\n<p>Visualy\u2122CORP est une entreprise innovante \u00e9quip\u00e9e des derni\u00e8res technologies ce qui assure \u00e0 ses collaborateurs une formation continue et un \u00e9panouissement personnel garanti.<br \/>\nNous recrutons : Technicien Hotline, Op\u00e9ratrices et D\u00e9veloppeurs.<\/p>\n<p>Envoyer votre CV sur : rh@visualy.eu<\/p>\n<h2><\/h2>\n<h2>Avantages de notre entreprise<\/h2>\n<h4>Horaires flexibles<\/h4>\n<h4>Technologies innovantes<\/h4>\n<h4>Salaire attractif<\/h4>\n<h4>Un esprit d&rsquo;\u00e9quipe<\/h4>\n<h2><\/h2>\n<h2>Devenez partenaire de Visualy\u2122CORP<\/h2>\n<p>Contactez-nous par t\u00e9l\u00e9phone au + 33(1)\u00a084 20 83 95 ou Ecrivez-nous :<\/p>\n<p>&nbsp;<\/p>\n<div class=\"frm_forms  with_frm_style frm_style_style-formidable\" id=\"frm_form_4_container\" >\n<form enctype=\"multipart\/form-data\" method=\"post\" class=\"frm-show-form \" id=\"form_y8j4x\"  >\n<div class=\"frm_form_fields \">\n<fieldset>\n<legend class=\"frm_screen_reader\">Formulaire Simple<\/legend>\r\n\r\n<div class=\"frm_fields_container\">\n<input type=\"hidden\" name=\"frm_action\" value=\"create\" \/>\n<input type=\"hidden\" name=\"form_id\" value=\"4\" \/>\n<input type=\"hidden\" name=\"frm_hide_fields_4\" id=\"frm_hide_fields_4\" value=\"\" \/>\n<input type=\"hidden\" name=\"form_key\" value=\"y8j4x\" \/>\n<input type=\"hidden\" name=\"item_meta[0]\" value=\"\" \/>\n<input type=\"hidden\" id=\"frm_submit_entry_4\" name=\"frm_submit_entry_4\" value=\"7d59bf6828\" \/><input type=\"hidden\" name=\"_wp_http_referer\" value=\"\/index.php\/wp-json\/wp\/v2\/pages\/119\" \/><div id=\"frm_field_26_container\" class=\"frm_form_field form-field  frm_top_container\">\r\n    <label for=\"field_oxlv8\" class=\"frm_primary_label\">NOM\r\n        <span class=\"frm_required\"><\/span>\r\n    <\/label>\r\n    <input type=\"text\" id=\"field_oxlv8\" name=\"item_meta[26]\" value=\"\"  data-invmsg=\"texte est non valide\" aria-invalid=\"false\"  \/>\r\n    \r\n    \r\n<\/div>\n<div id=\"frm_field_27_container\" class=\"frm_form_field form-field  frm_top_container\">\r\n    <label for=\"field_n58sg\" class=\"frm_primary_label\">TELEPHONE\r\n        <span class=\"frm_required\"><\/span>\r\n    <\/label>\r\n    <input type=\"tel\" id=\"field_n58sg\" name=\"item_meta[27]\" value=\"\"  data-invmsg=\"Phone est non valide\" aria-invalid=\"false\" pattern=\"((\\+\\d{1,3}(-|.| )?\\(?\\d\\)?(-| |.)?\\d{1,5})|(\\(?\\d{2,6}\\)?))(-|.| )?(\\d{3,4})(-|.| )?(\\d{4})(( x| ext)\\d{1,5}){0,1}$\"  \/>\r\n    \r\n    \r\n<\/div>\n<div id=\"frm_field_29_container\" class=\"frm_form_field form-field  frm_top_container\">\r\n    <label for=\"field_gjo6n\" class=\"frm_primary_label\">EMAIL\r\n        <span class=\"frm_required\"><\/span>\r\n    <\/label>\r\n    <input type=\"email\" id=\"field_gjo6n\" name=\"item_meta[29]\" value=\"\"  data-invmsg=\"E-mail est non valide\" aria-invalid=\"false\"  \/>\r\n    \r\n    \r\n<\/div>\n<div id=\"frm_field_32_container\" class=\"frm_form_field form-field  frm_none_container\">\n    <div  id=\"field_638sg_label\" class=\"frm_primary_label\">reCAPTCHA\n        <span class=\"frm_required\"><\/span>\n    <\/div>\n    \n    \n    \n<\/div>\n<input type=\"hidden\" name=\"item_key\" value=\"\" \/>\n\t<div class=\"frm_verify\" >\n\t<label for=\"frm_email_4\">\n\t\tSi vous \u00eates un humain, ne remplissez pas ce champ.\t<\/label>\n\t<input type=\"email\" class=\"frm_verify\" id=\"frm_email_4\" name=\"frm_verify\" value=\"\"  \/>\n<\/div>\n\t\t<div class=\"frm_submit\">\r\n\r\n<button class=\"frm_button_submit\" type=\"submit\"  >Envoyer<\/button>\r\n\r\n<\/div><\/div>\n<\/fieldset>\n<\/div>\n<\/form>\n<\/div>\n\n<p><img style=\"visibility: hidden;\" src=\"http:\/\/guardy.fr\/wp-content\/plugins\/formidable\/images\/ajax_loader.gif\" alt=\"Sending\" \/><\/p>\n","protected":false},"excerpt":{"rendered":"<p>Nous pensons l&rsquo;avenir ensemble Nous sommes une entreprise \u00e0 croissance rapide \u00e0 la recherche de personnes talentueuses qui peuvent \u00e9voluer au quotidien \u00a0 Pourquoi nous ? Visualy\u2122CORP est une entreprise&hellip;<\/p>\n<div class=\"read-more-wrap\"><a class=\"read-more\" href=\"https:\/\/visualy.eu\/index.php\/careers\/\">Read More<\/a><\/div>\n","protected":false},"author":1,"featured_media":0,"parent":0,"menu_order":16,"comment_status":"closed","ping_status":"closed","template":"","meta":[],"yoast_head":"<!-- This site is optimized with the Yoast SEO plugin v15.9.2 - https:\/\/yoast.com\/wordpress\/plugins\/seo\/ -->\n<title>Nous rejoindre - Visualy Corp\u2122<\/title>\n<meta name=\"description\" content=\"Venez int\u00e9grer une entreprise \u00e0 croissance rapide \u00e0 la recherche de personnes talentueuses qui peuvent \u00e9voluer au quotidien : Horaires flexibles, Technologies innovantes, Salaire attractif, Un esprit d\u2019\u00e9quipe.\" \/>\n<link rel=\"canonical\" href=\"https:\/\/visualy.eu\/index.php\/careers\/\" \/>\n<meta property=\"og:locale\" content=\"fr_FR\" \/>\n<meta property=\"og:type\" content=\"article\" \/>\n<meta property=\"og:title\" content=\"Nous rejoindre - Visualy Corp\u2122\" \/>\n<meta property=\"og:description\" content=\"Venez int\u00e9grer une entreprise \u00e0 croissance rapide \u00e0 la recherche de personnes talentueuses qui peuvent \u00e9voluer au quotidien : Horaires flexibles, Technologies innovantes, Salaire attractif, Un esprit d\u2019\u00e9quipe.\" \/>\n<meta property=\"og:url\" content=\"https:\/\/visualy.eu\/index.php\/careers\/\" \/>\n<meta property=\"og:site_name\" content=\"Visualy Corp\u2122\" \/>\n<meta property=\"article:modified_time\" content=\"2018-11-06T11:20:18+00:00\" \/>\n<meta property=\"og:image\" content=\"http:\/\/guardy.fr\/wp-content\/plugins\/formidable\/images\/ajax_loader.gif\" \/>\n<meta name=\"twitter:card\" content=\"summary_large_image\" \/>\n<script type=\"application\/ld+json\" class=\"yoast-schema-graph\">{\"@context\":\"https:\/\/schema.org\",\"@graph\":[{\"@type\":\"WebSite\",\"@id\":\"https:\/\/visualy.eu\/#website\",\"url\":\"https:\/\/visualy.eu\/\",\"name\":\"Visualy corp\",\"description\":\"Solutions de s\\u00e9curit\\u00e9 Applicatives\",\"potentialAction\":[{\"@type\":\"SearchAction\",\"target\":\"https:\/\/visualy.eu\/?s={search_term_string}\",\"query-input\":\"required name=search_term_string\"}],\"inLanguage\":\"fr-FR\"},{\"@type\":\"ImageObject\",\"@id\":\"https:\/\/visualy.eu\/index.php\/careers\/#primaryimage\",\"inLanguage\":\"fr-FR\",\"url\":\"http:\/\/guardy.fr\/wp-content\/plugins\/formidable\/images\/ajax_loader.gif\"},{\"@type\":\"WebPage\",\"@id\":\"https:\/\/visualy.eu\/index.php\/careers\/#webpage\",\"url\":\"https:\/\/visualy.eu\/index.php\/careers\/\",\"name\":\"Nous rejoindre - Visualy Corp\\u2122\",\"isPartOf\":{\"@id\":\"https:\/\/visualy.eu\/#website\"},\"primaryImageOfPage\":{\"@id\":\"https:\/\/visualy.eu\/index.php\/careers\/#primaryimage\"},\"datePublished\":\"2017-06-02T21:48:39+00:00\",\"dateModified\":\"2018-11-06T11:20:18+00:00\",\"description\":\"Venez int\\u00e9grer une entreprise \\u00e0 croissance rapide \\u00e0 la recherche de personnes talentueuses qui peuvent \\u00e9voluer au quotidien : Horaires flexibles, Technologies innovantes, Salaire attractif, Un esprit d\\u2019\\u00e9quipe.\",\"breadcrumb\":{\"@id\":\"https:\/\/visualy.eu\/index.php\/careers\/#breadcrumb\"},\"inLanguage\":\"fr-FR\",\"potentialAction\":[{\"@type\":\"ReadAction\",\"target\":[\"https:\/\/visualy.eu\/index.php\/careers\/\"]}]},{\"@type\":\"BreadcrumbList\",\"@id\":\"https:\/\/visualy.eu\/index.php\/careers\/#breadcrumb\",\"itemListElement\":[{\"@type\":\"ListItem\",\"position\":1,\"item\":{\"@type\":\"WebPage\",\"@id\":\"https:\/\/visualy.eu\/\",\"url\":\"https:\/\/visualy.eu\/\",\"name\":\"Accueil\"}},{\"@type\":\"ListItem\",\"position\":2,\"item\":{\"@type\":\"WebPage\",\"@id\":\"https:\/\/visualy.eu\/index.php\/careers\/\",\"url\":\"https:\/\/visualy.eu\/index.php\/careers\/\",\"name\":\"Nous rejoindre\"}}]}]}<\/script>\n<!-- \/ Yoast SEO plugin. -->","_links":{"self":[{"href":"https:\/\/visualy.eu\/index.php\/wp-json\/wp\/v2\/pages\/119"}],"collection":[{"href":"https:\/\/visualy.eu\/index.php\/wp-json\/wp\/v2\/pages"}],"about":[{"href":"https:\/\/visualy.eu\/index.php\/wp-json\/wp\/v2\/types\/page"}],"author":[{"embeddable":true,"href":"https:\/\/visualy.eu\/index.php\/wp-json\/wp\/v2\/users\/1"}],"replies":[{"embeddable":true,"href":"https:\/\/visualy.eu\/index.php\/wp-json\/wp\/v2\/comments?post=119"}],"version-history":[{"count":10,"href":"https:\/\/visualy.eu\/index.php\/wp-json\/wp\/v2\/pages\/119\/revisions"}],"predecessor-version":[{"id":585,"href":"https:\/\/visualy.eu\/index.php\/wp-json\/wp\/v2\/pages\/119\/revisions\/585"}],"wp:attachment":[{"href":"https:\/\/visualy.eu\/index.php\/wp-json\/wp\/v2\/media?parent=119"}],"curies":[{"name":"wp","href":"https:\/\/api.w.org\/{rel}","templated":true}]}}